{"id":2291,"date":"2017-11-02T16:14:54","date_gmt":"2017-11-02T16:14:54","guid":{"rendered":"http:\/\/www.tricomania.com\/?page_id=2291"},"modified":"2017-11-07T16:30:07","modified_gmt":"2017-11-07T16:30:07","slug":"about-us","status":"publish","type":"page","link":"https:\/\/www.tricomania.com\/fr\/about-us\/","title":{"rendered":"A propos de nous"},"content":{"rendered":"<div class=\"wpb-content-wrapper\"><div class=\"vc_row wpb_row vc_row-fluid vc_custom_1509636706788\"><div class=\"wpb_column vc_column_container vc_col-sm-12\"><div class=\"vc_column-inner\"><div class=\"wpb_wrapper\">\n\t<div class=\"wpb_text_column wpb_content_element\" >\n\t\t<div class=\"wpb_wrapper\">\n\t\t\t<h1 style=\"text-align: center;\">Notre histoire<\/h1>\n\n\t\t<\/div>\n\t<\/div>\n<div class=\"vc_separator wpb_content_element vc_separator_align_center vc_sep_width_20 vc_sep_border_width_3 vc_sep_pos_align_center vc_separator_no_text vc_sep_color_green wpb_content_element  wpb_content_element\" ><span class=\"vc_sep_holder vc_sep_holder_l\"><span class=\"vc_sep_line\"><\/span><\/span><span class=\"vc_sep_holder vc_sep_holder_r\"><span class=\"vc_sep_line\"><\/span><\/span>\n<\/div><\/div><\/div><\/div><\/div><div class=\"vc_row wpb_row vc_row-fluid\"><div class=\"wpb_column vc_column_container vc_col-sm-12\"><div class=\"vc_column-inner\"><div class=\"wpb_wrapper\"><div class=\"vc_empty_space\"   style=\"height: 32px\"><span class=\"vc_empty_space_inner\"><\/span><\/div><\/div><\/div><\/div><\/div><div class=\"vc_row wpb_row vc_row-fluid\"><div class=\"wpb_column vc_column_container vc_col-sm-12\"><div class=\"vc_column-inner\"><div class=\"wpb_wrapper\"><div class=\"vc_row wpb_row vc_inner vc_row-fluid\"><div class=\"wpb_column vc_column_container vc_col-sm-12\"><div class=\"vc_column-inner\"><div class=\"wpb_wrapper\">\n\t<div class=\"wpb_text_column wpb_content_element\" >\n\t\t<div class=\"wpb_wrapper\">\n\t\t\t<h3><span style=\"color: #000000;\">\u00c0 propos de <\/span>Tricomania<\/h3>\n<p>Tricomania est un d\u00e9taillant en ligne de v\u00eatements et autres accessoires, avec des prix incroyables, une commande en ligne facile et une livraison rapide. Nous fournissons des v\u00eatements de marque \u00e0 des prix tr\u00e8s bas aux particuliers. Notre vaste gamme de produits comprend des t-shirts, des polos, des sweatshirts, des sweats \u00e0 capuche, des v\u00eatements de travail, des v\u00eatements haute visibilit\u00e9 et bien plus encore !<\/p>\n<p><strong><span style=\"color: #000000;\">Produits de haute qualit\u00e9<\/span><\/strong><\/p>\n<p>Nous disposons d'un stock important de v\u00eatements et d'autres articles de grandes marques telles que Fruit of the Loom, Stedman, Hanes, Gildan, Dickies, Regatta et bien d'autres encore !<\/p>\n<p><strong><span style=\"color: #000000;\">Commande en ligne facile<\/span><\/strong><\/p>\n<p>Notre site web ultramoderne a \u00e9t\u00e9 con\u00e7u pour faciliter au maximum la commande de v\u00eatements en ligne. Le stock en temps r\u00e9el vous permet de ne commander que les articles disponibles sur notre site, et notre syst\u00e8me de s\u00e9curit\u00e9 SSL garantit que toutes vos donn\u00e9es personnelles et de paiement sont crypt\u00e9es en toute s\u00e9curit\u00e9 pendant le processus de commande.<\/p>\n<p><strong><span style=\"color: #000000;\">Remboursement garanti<\/span><\/strong><\/p>\n<p>Nous offrons une garantie de remboursement sans discussion.  Nous ne facturons pas de frais de r\u00e9approvisionnement pour les articles retourn\u00e9s. Si vous n'\u00eates pas satisfait pour quelque raison que ce soit, il vous suffit de renvoyer vos articles dans les 14 jours pour obtenir un remboursement complet du prix des articles.<\/p>\n\n\t\t<\/div>\n\t<\/div>\n<\/div><\/div><\/div><\/div><\/div><\/div><\/div><\/div><div class=\"vc_row wpb_row vc_row-fluid\"><div class=\"wpb_column vc_column_container vc_col-sm-12\"><div class=\"vc_column-inner\"><div class=\"wpb_wrapper\"><div class=\"vc_separator wpb_content_element vc_separator_align_center vc_sep_width_80 vc_sep_pos_align_center vc_separator_no_text vc_sep_color_grey wpb_content_element  wpb_content_element\" ><span class=\"vc_sep_holder vc_sep_holder_l\"><span class=\"vc_sep_line\"><\/span><\/span><span class=\"vc_sep_holder vc_sep_holder_r\"><span class=\"vc_sep_line\"><\/span><\/span>\n<\/div><div class=\"vc_empty_space\"   style=\"height: 50px\"><span class=\"vc_empty_space_inner\"><\/span><\/div>\n\t<div class=\"wpb_text_column wpb_content_element\" >\n\t\t<div class=\"wpb_wrapper\">\n\t\t\t<h2 style=\"text-align: center;\">The Team<\/h2>\n\n\t\t<\/div>\n\t<\/div>\n<div class=\"vc_row wpb_row vc_inner vc_row-fluid\"><div class=\"wpb_column vc_column_container vc_col-sm-6\"><div class=\"vc_column-inner\"><div class=\"wpb_wrapper\">\n\t<div  class=\"wpb_single_image wpb_content_element vc_align_center wpb_content_element\">\n\t\t\n\t\t<figure class=\"wpb_wrapper vc_figure\">\n\t\t\t<div class=\"vc_single_image-wrapper   vc_box_border_grey\"><img loading=\"lazy\" decoding=\"async\" width=\"150\" height=\"150\" src=\"https:\/\/i0.wp.com\/www.tricomania.com\/wp-content\/uploads\/2017\/11\/small-Fruit-of-the-Loom-.jpg?resize=150%2C150&amp;ssl=1\" class=\"vc_single_image-img attachment-thumbnail\" alt=\"\" title=\"small Fruit of the Loom\" \/><\/div>\n\t\t<\/figure>\n\t<\/div>\n\n\t<div class=\"wpb_text_column wpb_content_element\" >\n\t\t<div class=\"wpb_wrapper\">\n\t\t\t<p style=\"text-align: center;\">Romel Augustin<br \/>\nCEO &amp; GM<\/p>\n\n\t\t<\/div>\n\t<\/div>\n<\/div><\/div><\/div><div class=\"wpb_column vc_column_container vc_col-sm-6\"><div class=\"vc_column-inner\"><div class=\"wpb_wrapper\">\n\t<div  class=\"wpb_single_image wpb_content_element vc_align_center wpb_content_element\">\n\t\t\n\t\t<figure class=\"wpb_wrapper vc_figure\">\n\t\t\t<div class=\"vc_single_image-wrapper   vc_box_border_grey\"><img loading=\"lazy\" decoding=\"async\" width=\"150\" height=\"150\" src=\"https:\/\/i0.wp.com\/www.tricomania.com\/wp-content\/uploads\/2017\/11\/small-Fruit-of-the-Loom-.jpg?resize=150%2C150&amp;ssl=1\" class=\"vc_single_image-img attachment-thumbnail\" alt=\"\" title=\"small Fruit of the Loom\" \/><\/div>\n\t\t<\/figure>\n\t<\/div>\n\n\t<div class=\"wpb_text_column wpb_content_element\" >\n\t\t<div class=\"wpb_wrapper\">\n\t\t\t<p style=\"text-align: center;\">Kimberly Augustin<br \/>\nGM<\/p>\n\n\t\t<\/div>\n\t<\/div>\n<\/div><\/div><\/div><\/div><div class=\"vc_empty_space\"   style=\"height: 32px\"><span class=\"vc_empty_space_inner\"><\/span><\/div><\/div><\/div><\/div><\/div><div class=\"vc_row wpb_row vc_row-fluid\"><div class=\"wpb_column vc_column_container vc_col-sm-12\"><div class=\"vc_column-inner\"><div class=\"wpb_wrapper\"><div class=\"vc_separator wpb_content_element vc_separator_align_center vc_sep_width_80 vc_sep_pos_align_center vc_separator_no_text vc_sep_color_grey wpb_content_element  wpb_content_element\" ><span class=\"vc_sep_holder vc_sep_holder_l\"><span class=\"vc_sep_line\"><\/span><\/span><span class=\"vc_sep_holder vc_sep_holder_r\"><span class=\"vc_sep_line\"><\/span><\/span>\n<\/div>\n\t<div class=\"wpb_text_column wpb_content_element\" >\n\t\t<div class=\"wpb_wrapper\">\n\t\t\t<h2 style=\"text-align: center;\"><strong>Nous ne vendons pas que des v\u00eatements<\/strong><\/h2>\n\n\t\t<\/div>\n\t<\/div>\n<div class=\"vc_empty_space\"   style=\"height: 32px\"><span class=\"vc_empty_space_inner\"><\/span><\/div><div class=\"vc_row wpb_row vc_inner vc_row-fluid\"><div class=\"wpb_column vc_column_container vc_col-sm-6\"><div class=\"vc_column-inner\"><div class=\"wpb_wrapper\"><div class=\"vc_message_box vc_message_box-standard vc_message_box-rounded vc_color-info vc_do_message\" ><div class=\"vc_message_box-icon\"><i class=\"fa fa-paint-brush\"><\/i><\/div><p style=\"text-align: center;\">Personnalisation des v\u00eatements<\/p>\n<\/div><\/div><\/div><\/div><div class=\"wpb_column vc_column_container vc_col-sm-6\"><div class=\"vc_column-inner\"><div class=\"wpb_wrapper\"><div class=\"vc_message_box vc_message_box-standard vc_message_box-rounded vc_color-info vc_do_message\" ><div class=\"vc_message_box-icon\"><i class=\"vc-oi vc-oi-user\"><\/i><\/div><p style=\"text-align: center;\">Relations publiques<\/p>\n<\/div><\/div><\/div><\/div><\/div><\/div><\/div><\/div><\/div><div class=\"vc_row wpb_row vc_row-fluid\"><div class=\"wpb_column vc_column_container vc_col-sm-12\"><div class=\"vc_column-inner\"><div class=\"wpb_wrapper\"><div class=\"vc_empty_space\"   style=\"height: 32px\"><span class=\"vc_empty_space_inner\"><\/span><\/div><\/div><\/div><\/div><\/div><div class=\"vc_row wpb_row vc_row-fluid vc_custom_1509643587313 vc_row-has-fill\"><div class=\"wpb_column vc_column_container vc_col-sm-12\"><div class=\"vc_column-inner\"><div class=\"wpb_wrapper\">\n\t<div class=\"wpb_text_column wpb_content_element\" >\n\t\t<div class=\"wpb_wrapper\">\n\t\t\t<h2 style=\"text-align: center;\"><span style=\"color: #ffffff;\">Besoin de notre aide ?<\/span><\/h2>\n\n\t\t<\/div>\n\t<\/div>\n<div class=\"vc_btn3-container vc_btn3-center vc_do_btn\" ><a class=\"vc_general vc_btn3 vc_btn3-size-lg vc_btn3-shape-square vc_btn3-style-flat vc_btn3-color-success\" href=\"http:\/\/www.tricomania.com\/fr\/contact\/\" title=\"\">Contact us<\/a><\/div><div class=\"vc_empty_space\"   style=\"height: 32px\"><span class=\"vc_empty_space_inner\"><\/span><\/div><\/div><\/div><\/div><\/div>\n<\/div>","protected":false},"excerpt":{"rendered":"This Is Our Story About Tricomania Tricomania is an online clothing and other accessories retailer, with amazing prices, easy online ordering, fast delivery. We supply name brand clothing at low, low prices to Individuals. Our huge product range includes t-shirts, polo shirts, sweatshirts, hoodies, workwear, hi vis clothing and much, much more! High-Quality Products We [...]","protected":false},"author":1,"featured_media":0,"parent":0,"menu_order":0,"comment_status":"closed","ping_status":"closed","template":"page-full-width.php","meta":{"_monsterinsights_skip_tracking":false,"_monsterinsights_sitenote_active":false,"_monsterinsights_sitenote_note":"","_monsterinsights_sitenote_category":0,"_uf_show_specific_survey":0,"_uf_disable_surveys":false,"footnotes":""},"class_list":["post-2291","page","type-page","status-publish","hentry"],"yoast_head":"<!-- This site is optimized with the Yoast SEO plugin v27.4 - https:\/\/yoast.com\/product\/yoast-seo-wordpress\/ -->\n<title>About us - tricomania.com<\/title>\n<meta name=\"robots\" content=\"index, follow, max-snippet:-1, max-image-preview:large, max-video-preview:-1\" \/>\n<link rel=\"canonical\" href=\"https:\/\/www.tricomania.com\/fr\/about-us\/\" \/>\n<meta property=\"og:locale\" content=\"fr_FR\" \/>\n<meta property=\"og:type\" content=\"article\" \/>\n<meta property=\"og:title\" content=\"About us - tricomania.com\" \/>\n<meta property=\"og:url\" content=\"https:\/\/www.tricomania.com\/fr\/about-us\/\" \/>\n<meta property=\"og:site_name\" content=\"tricomania.com\" \/>\n<meta property=\"article:modified_time\" content=\"2017-11-07T16:30:07+00:00\" \/>\n<meta name=\"twitter:card\" content=\"summary_large_image\" \/>\n<meta name=\"twitter:label1\" content=\"Dur\u00e9e de lecture estim\u00e9e\" \/>\n\t<meta name=\"twitter:data1\" content=\"2 minutes\" \/>\n<script type=\"application\/ld+json\" class=\"yoast-schema-graph\">{\"@context\":\"https:\\\/\\\/schema.org\",\"@graph\":[{\"@type\":\"WebPage\",\"@id\":\"https:\\\/\\\/www.tricomania.com\\\/about-us\\\/\",\"url\":\"https:\\\/\\\/www.tricomania.com\\\/about-us\\\/\",\"name\":\"About us - tricomania.com\",\"isPartOf\":{\"@id\":\"https:\\\/\\\/www.tricomania.com\\\/#website\"},\"datePublished\":\"2017-11-02T16:14:54+00:00\",\"dateModified\":\"2017-11-07T16:30:07+00:00\",\"breadcrumb\":{\"@id\":\"https:\\\/\\\/www.tricomania.com\\\/about-us\\\/#breadcrumb\"},\"inLanguage\":\"fr-FR\",\"potentialAction\":[{\"@type\":\"ReadAction\",\"target\":[\"https:\\\/\\\/www.tricomania.com\\\/about-us\\\/\"]}]},{\"@type\":\"BreadcrumbList\",\"@id\":\"https:\\\/\\\/www.tricomania.com\\\/about-us\\\/#breadcrumb\",\"itemListElement\":[{\"@type\":\"ListItem\",\"position\":1,\"name\":\"Home\",\"item\":\"https:\\\/\\\/www.tricomania.com\\\/\"},{\"@type\":\"ListItem\",\"position\":2,\"name\":\"About us\"}]},{\"@type\":\"WebSite\",\"@id\":\"https:\\\/\\\/www.tricomania.com\\\/#website\",\"url\":\"https:\\\/\\\/www.tricomania.com\\\/\",\"name\":\"tricomania.com\",\"description\":\"The Best Price In The World!\",\"publisher\":{\"@id\":\"https:\\\/\\\/www.tricomania.com\\\/#organization\"},\"potentialAction\":[{\"@type\":\"SearchAction\",\"target\":{\"@type\":\"EntryPoint\",\"urlTemplate\":\"https:\\\/\\\/www.tricomania.com\\\/?s={search_term_string}\"},\"query-input\":{\"@type\":\"PropertyValueSpecification\",\"valueRequired\":true,\"valueName\":\"search_term_string\"}}],\"inLanguage\":\"fr-FR\"},{\"@type\":\"Organization\",\"@id\":\"https:\\\/\\\/www.tricomania.com\\\/#organization\",\"name\":\"tricomania.com\",\"url\":\"https:\\\/\\\/www.tricomania.com\\\/\",\"logo\":{\"@type\":\"ImageObject\",\"inLanguage\":\"fr-FR\",\"@id\":\"https:\\\/\\\/www.tricomania.com\\\/#\\\/schema\\\/logo\\\/image\\\/\",\"url\":\"https:\\\/\\\/www.tricomania.com\\\/wp-content\\\/uploads\\\/2017\\\/11\\\/Logomakr_alternative-3.png\",\"contentUrl\":\"https:\\\/\\\/www.tricomania.com\\\/wp-content\\\/uploads\\\/2017\\\/11\\\/Logomakr_alternative-3.png\",\"width\":700,\"height\":175,\"caption\":\"tricomania.com\"},\"image\":{\"@id\":\"https:\\\/\\\/www.tricomania.com\\\/#\\\/schema\\\/logo\\\/image\\\/\"}}]}<\/script>\n<!-- \/ Yoast SEO plugin. -->","yoast_head_json":{"title":"About us - tricomania.com","robots":{"index":"index","follow":"follow","max-snippet":"max-snippet:-1","max-image-preview":"max-image-preview:large","max-video-preview":"max-video-preview:-1"},"canonical":"https:\/\/www.tricomania.com\/fr\/about-us\/","og_locale":"fr_FR","og_type":"article","og_title":"About us - tricomania.com","og_url":"https:\/\/www.tricomania.com\/fr\/about-us\/","og_site_name":"tricomania.com","article_modified_time":"2017-11-07T16:30:07+00:00","twitter_card":"summary_large_image","twitter_misc":{"Dur\u00e9e de lecture estim\u00e9e":"2 minutes"},"schema":{"@context":"https:\/\/schema.org","@graph":[{"@type":"WebPage","@id":"https:\/\/www.tricomania.com\/about-us\/","url":"https:\/\/www.tricomania.com\/about-us\/","name":"About us - tricomania.com","isPartOf":{"@id":"https:\/\/www.tricomania.com\/#website"},"datePublished":"2017-11-02T16:14:54+00:00","dateModified":"2017-11-07T16:30:07+00:00","breadcrumb":{"@id":"https:\/\/www.tricomania.com\/about-us\/#breadcrumb"},"inLanguage":"fr-FR","potentialAction":[{"@type":"ReadAction","target":["https:\/\/www.tricomania.com\/about-us\/"]}]},{"@type":"BreadcrumbList","@id":"https:\/\/www.tricomania.com\/about-us\/#breadcrumb","itemListElement":[{"@type":"ListItem","position":1,"name":"Home","item":"https:\/\/www.tricomania.com\/"},{"@type":"ListItem","position":2,"name":"About us"}]},{"@type":"WebSite","@id":"https:\/\/www.tricomania.com\/#website","url":"https:\/\/www.tricomania.com\/","name":"tricomania.com","description":"The Best Price In The World!","publisher":{"@id":"https:\/\/www.tricomania.com\/#organization"},"potentialAction":[{"@type":"SearchAction","target":{"@type":"EntryPoint","urlTemplate":"https:\/\/www.tricomania.com\/?s={search_term_string}"},"query-input":{"@type":"PropertyValueSpecification","valueRequired":true,"valueName":"search_term_string"}}],"inLanguage":"fr-FR"},{"@type":"Organization","@id":"https:\/\/www.tricomania.com\/#organization","name":"tricomania.com","url":"https:\/\/www.tricomania.com\/","logo":{"@type":"ImageObject","inLanguage":"fr-FR","@id":"https:\/\/www.tricomania.com\/#\/schema\/logo\/image\/","url":"https:\/\/www.tricomania.com\/wp-content\/uploads\/2017\/11\/Logomakr_alternative-3.png","contentUrl":"https:\/\/www.tricomania.com\/wp-content\/uploads\/2017\/11\/Logomakr_alternative-3.png","width":700,"height":175,"caption":"tricomania.com"},"image":{"@id":"https:\/\/www.tricomania.com\/#\/schema\/logo\/image\/"}}]}},"jetpack_sharing_enabled":true,"_links":{"self":[{"href":"https:\/\/www.tricomania.com\/fr\/wp-json\/wp\/v2\/pages\/2291","targetHints":{"allow":["GET"]}}],"collection":[{"href":"https:\/\/www.tricomania.com\/fr\/wp-json\/wp\/v2\/pages"}],"about":[{"href":"https:\/\/www.tricomania.com\/fr\/wp-json\/wp\/v2\/types\/page"}],"author":[{"embeddable":true,"href":"https:\/\/www.tricomania.com\/fr\/wp-json\/wp\/v2\/users\/1"}],"replies":[{"embeddable":true,"href":"https:\/\/www.tricomania.com\/fr\/wp-json\/wp\/v2\/comments?post=2291"}],"version-history":[{"count":6,"href":"https:\/\/www.tricomania.com\/fr\/wp-json\/wp\/v2\/pages\/2291\/revisions"}],"predecessor-version":[{"id":2421,"href":"https:\/\/www.tricomania.com\/fr\/wp-json\/wp\/v2\/pages\/2291\/revisions\/2421"}],"wp:attachment":[{"href":"https:\/\/www.tricomania.com\/fr\/wp-json\/wp\/v2\/media?parent=2291"}],"curies":[{"name":"wp","href":"https:\/\/api.w.org\/{rel}","templated":true}]}}